{"id":586,"date":"2023-10-11T19:58:57","date_gmt":"2023-10-11T19:58:57","guid":{"rendered":"https:\/\/www.mentalgagnant.fr\/?page_id=586"},"modified":"2024-03-11T21:04:37","modified_gmt":"2024-03-11T21:04:37","slug":"ma-proposition-en-conference","status":"publish","type":"page","link":"https:\/\/www.mentalgagnant.fr\/index.php\/ma-proposition-en-conference\/","title":{"rendered":"Ma proposition en conf\u00e9rence"},"content":{"rendered":"\t\t<div data-elementor-type=\"wp-page\" data-elementor-id=\"586\" class=\"elementor elementor-586\">\n\t\t\t\t<div class=\"elementor-element elementor-element-908bbf8 e-con-full e-flex e-con e-parent\" data-id=\"908bbf8\" data-element_type=\"container\" data-e-type=\"container\">\n\t\t<div class=\"elementor-element elementor-element-90051c6 e-con-full e-flex e-con e-child\" data-id=\"90051c6\" data-element_type=\"container\" data-e-type=\"container\">\n\t\t\t\t<div class=\"elementor-element elementor-element-37f90de exad-sticky-section-no exad-glass-effect-no elementor-widget elementor-widget-heading\" data-id=\"37f90de\" data-element_type=\"widget\" data-e-type=\"widget\" data-widget_type=\"heading.default\">\n\t\t\t\t<div class=\"elementor-widget-container\">\n\t\t\t\t\t<h2 class=\"elementor-heading-title elementor-size-default\">Ma proposition en conf\u00e9rence<\/h2>\t\t\t\t<\/div>\n\t\t\t\t<\/div>\n\t\t\t\t<div class=\"elementor-element elementor-element-356ddb8 elementor-widget__width-initial exad-sticky-section-no exad-glass-effect-no elementor-widget elementor-widget-text-editor\" data-id=\"356ddb8\" data-element_type=\"widget\" data-e-type=\"widget\" data-widget_type=\"text-editor.default\">\n\t\t\t\t<div class=\"elementor-widget-container\">\n\t\t\t\t\t\t\t\t\t<p><strong><em>Mental Gagnant propose \u00e9galement son intervention sur demande lors de conf\u00e9rences<\/em><\/strong> (visio-conf\u00e9rences \u00e9galement) dont le th\u00e8me pr\u00e9sente une corr\u00e9lation avec la pr\u00e9paration mentale des sportifs, la pr\u00e9paration mentale des salari\u00e9s, cadres ou membres de la direction en entreprise ainsi que sur la th\u00e9matique de la transposition des techniques de pr\u00e9paration mentale utilis\u00e9es avec les sportifs de haut-niveau dans le monde entrepreneurial.<\/p><p><strong><em>Un des th\u00e8mes<\/em><\/strong> r\u00e9cemment abord\u00e9 et propos\u00e9 encore aujourd\u2019hui car encore et toujours d\u2019actualit\u00e9 est:<\/p><p><strong>\u00ab Stress et performance, Surfer l\u2019inconnu comme les champions! O<\/strong><strong>u comment faire P.O.U.R.* associer Bien-\u00eatre et Performance de haut-niveau dans le quotidien de la vie de l\u2019Entreprise\u00a0\u00bb<\/strong><\/p><p><strong><em>Ou d\u2019autres th\u00e8mes potentiels\u00a0:<\/em><\/strong><\/p><p><strong>\u00ab Le stress au travail, <\/strong><strong>ou comment sortir du m\u00e9canisme du management en entreprise par la peur qui paralyse et qui emp\u00eache\u2026\u00a0\u00bb<\/strong><\/p><p><strong>\u00ab\u00a0Se mettre <em>la bonne pression<\/em> comme le sportif de haut-niveau pour donner le maximum de ses capacit\u00e9s.\u00a0\u00bb<\/strong><\/p><p><strong>\u00ab\u00a0Comment fixer ses objectifs de fa\u00e7on optimale P.O.U.R* associer dans la Joie, Bien-\u00eatre et Performance de haut-niveau.\u00a0\u00bb<\/strong><\/p><p>La conf\u00e9rence est aussi une occasion de rencontres riches et interactives entre tous les intervenants qui vont permettre l\u2019\u00e9change d\u2019exp\u00e9riences, d\u2019opinions et permettre peut-\u00eatre l\u2019\u00e9mergence d\u2019id\u00e9es communes, la naissance de projets voire d\u2019associations professionnelles\u2026<\/p>\t\t\t\t\t\t\t\t<\/div>\n\t\t\t\t<\/div>\n\t\t\t\t<\/div>\n\t\t<div class=\"elementor-element elementor-element-3332c83 e-con-full e-flex e-con e-child\" data-id=\"3332c83\" data-element_type=\"container\" data-e-type=\"container\" data-settings=\"{&quot;jet_sticky_section_sticky&quot;:&quot;yes&quot;,&quot;jet_sticky_section_sticky_visibility&quot;:[&quot;desktop&quot;,&quot;tablet&quot;,&quot;mobile&quot;]}\">\n\t\t\t\t<div class=\"elementor-element elementor-element-c9c11ef elementor-widget__width-inherit exad-sticky-section-no exad-glass-effect-no elementor-widget elementor-widget-text-editor\" data-id=\"c9c11ef\" data-element_type=\"widget\" data-e-type=\"widget\" data-widget_type=\"text-editor.default\">\n\t\t\t\t<div class=\"elementor-widget-container\">\n\t\t\t\t\t\t\t\t\t<p style=\"text-align: left;\"><span style=\"color: #000000;\"><strong>Ma propostion :\u00a0<\/strong><\/span><\/p><ul><li style=\"text-align: left;\"><span style=\"color: #000000;\"><a style=\"color: #000000;\" href=\"https:\/\/www.mentalgagnant.fr\/index.php\/elementor-465\/?preview_id=465&amp;preview_nonce=ff366d5064&amp;preview=true\"><strong>Avec le sportif<\/strong><\/a><\/span><\/li><li style=\"text-align: left;\"><span style=\"color: #000000;\"><a style=\"color: #000000;\" href=\"https:\/\/www.mentalgagnant.fr\/index.php\/la-preparation-mental-en-entreprise\/?preview_id=578&amp;preview_nonce=d4a598f966&amp;preview=true\"><strong>En entreprise\u00a0<\/strong><\/a><\/span><\/li><li><span style=\"color: #000000;\"><strong>En conf\u00e9rence<\/strong><\/span><\/li><li style=\"text-align: left;\"><a href=\"https:\/\/www.mentalgagnant.fr\/index.php\/mental-gagnant-societale\/\"><span style=\"color: #000000;\"><strong>Soci\u00e9tal<\/strong><\/span><\/a><\/li><\/ul>\t\t\t\t\t\t\t\t<\/div>\n\t\t\t\t<\/div>\n\t\t\t\t<\/div>\n\t\t\t\t<\/div>\n\t\t\t\t<\/div>\n\t\t","protected":false},"excerpt":{"rendered":"<p>Ma proposition en conf\u00e9rence Mental Gagnant propose \u00e9galement son intervention sur demande lors de conf\u00e9rences (visio-conf\u00e9rences \u00e9galement) dont le th\u00e8me pr\u00e9sente une corr\u00e9lation avec la pr\u00e9paration mentale des sportifs, la pr\u00e9paration mentale des salari\u00e9s, cadres ou membres de la direction en entreprise ainsi que sur la th\u00e9matique de la transposition des techniques de pr\u00e9paration mentale utilis\u00e9es avec les sportifs de haut-niveau dans le monde entrepreneurial. Un des th\u00e8mes r\u00e9cemment abord\u00e9 et propos\u00e9 encore aujourd\u2019hui car encore et toujours d\u2019actualit\u00e9 est: \u00ab Stress et performance, Surfer l\u2019inconnu comme les champions! Ou comment faire P.O.U.R.* associer Bien-\u00eatre et Performance de haut-niveau dans le quotidien de la vie de l\u2019Entreprise\u00a0\u00bb Ou d\u2019autres th\u00e8mes potentiels\u00a0: \u00ab Le stress au travail, ou comment sortir du m\u00e9canisme du management en entreprise par la peur qui paralyse et qui emp\u00eache\u2026\u00a0\u00bb \u00ab\u00a0Se mettre la bonne pression comme le sportif de haut-niveau pour donner le maximum de ses capacit\u00e9s.\u00a0\u00bb&hellip;<\/p>\n<p> <a class=\"more-link\" href=\"https:\/\/www.mentalgagnant.fr\/index.php\/ma-proposition-en-conference\/\">Lire la suite<\/a><\/p>\n","protected":false},"author":2,"featured_media":0,"parent":0,"menu_order":0,"comment_status":"closed","ping_status":"closed","template":"elementor_header_footer","meta":{"_crdt_document":"","_uag_custom_page_level_css":"","footnotes":""},"class_list":["post-586","page","type-page","status-publish"],"uagb_featured_image_src":{"full":false,"thumbnail":false,"medium":false,"medium_large":false,"large":false,"1536x1536":false,"2048x2048":false,"a13_navigation_image_size":false},"uagb_author_info":{"display_name":"Anthony","author_link":"https:\/\/www.mentalgagnant.fr\/index.php\/author\/anthony\/"},"uagb_comment_info":0,"uagb_excerpt":"Ma proposition en conf\u00e9rence Mental Gagnant propose \u00e9galement son intervention sur demande lors de conf\u00e9rences (visio-conf\u00e9rences \u00e9galement) dont le th\u00e8me pr\u00e9sente une corr\u00e9lation avec la pr\u00e9paration mentale des sportifs, la pr\u00e9paration mentale des salari\u00e9s, cadres ou membres de la direction en entreprise ainsi que sur la th\u00e9matique de la transposition des techniques de pr\u00e9paration mentale\u2026","_links":{"self":[{"href":"https:\/\/www.mentalgagnant.fr\/index.php\/wp-json\/wp\/v2\/pages\/586","targetHints":{"allow":["GET"]}}],"collection":[{"href":"https:\/\/www.mentalgagnant.fr\/index.php\/wp-json\/wp\/v2\/pages"}],"about":[{"href":"https:\/\/www.mentalgagnant.fr\/index.php\/wp-json\/wp\/v2\/types\/page"}],"author":[{"embeddable":true,"href":"https:\/\/www.mentalgagnant.fr\/index.php\/wp-json\/wp\/v2\/users\/2"}],"replies":[{"embeddable":true,"href":"https:\/\/www.mentalgagnant.fr\/index.php\/wp-json\/wp\/v2\/comments?post=586"}],"version-history":[{"count":5,"href":"https:\/\/www.mentalgagnant.fr\/index.php\/wp-json\/wp\/v2\/pages\/586\/revisions"}],"predecessor-version":[{"id":1155,"href":"https:\/\/www.mentalgagnant.fr\/index.php\/wp-json\/wp\/v2\/pages\/586\/revisions\/1155"}],"wp:attachment":[{"href":"https:\/\/www.mentalgagnant.fr\/index.php\/wp-json\/wp\/v2\/media?parent=586"}],"curies":[{"name":"wp","href":"https:\/\/api.w.org\/{rel}","templated":true}]}}