{"id":578,"date":"2023-10-10T21:10:46","date_gmt":"2023-10-10T21:10:46","guid":{"rendered":"https:\/\/www.mentalgagnant.fr\/?page_id=578"},"modified":"2024-01-25T17:38:09","modified_gmt":"2024-01-25T17:38:09","slug":"la-preparation-mental-en-entreprise","status":"publish","type":"page","link":"https:\/\/www.mentalgagnant.fr\/index.php\/la-preparation-mental-en-entreprise\/","title":{"rendered":"La pr\u00e9paration mentale en entreprise"},"content":{"rendered":"\t\t<div data-elementor-type=\"wp-page\" data-elementor-id=\"578\" class=\"elementor elementor-578\">\n\t\t\t\t<div class=\"elementor-element elementor-element-3aa65e5 e-con-full e-flex e-con e-parent\" data-id=\"3aa65e5\" data-element_type=\"container\" data-e-type=\"container\">\n\t\t<div class=\"elementor-element elementor-element-1b36d83 e-con-full e-flex e-con e-child\" data-id=\"1b36d83\" data-element_type=\"container\" data-e-type=\"container\">\n\t\t\t\t<div class=\"elementor-element elementor-element-1ea3060 exad-sticky-section-no exad-glass-effect-no elementor-widget elementor-widget-heading\" data-id=\"1ea3060\" data-element_type=\"widget\" data-e-type=\"widget\" data-widget_type=\"heading.default\">\n\t\t\t\t<div class=\"elementor-widget-container\">\n\t\t\t\t\t<h2 class=\"elementor-heading-title elementor-size-default\">Ma proposition mentale en entreprise<\/h2>\t\t\t\t<\/div>\n\t\t\t\t<\/div>\n\t\t\t\t<div class=\"elementor-element elementor-element-1a5e4b6 exad-sticky-section-no exad-glass-effect-no elementor-widget elementor-widget-heading\" data-id=\"1a5e4b6\" data-element_type=\"widget\" data-e-type=\"widget\" data-widget_type=\"heading.default\">\n\t\t\t\t<div class=\"elementor-widget-container\">\n\t\t\t\t\t<h2 class=\"elementor-heading-title elementor-size-small\">Ma proposition<\/h2>\t\t\t\t<\/div>\n\t\t\t\t<\/div>\n\t\t\t\t<div class=\"elementor-element elementor-element-c3be329 exad-sticky-section-no exad-glass-effect-no elementor-widget elementor-widget-text-editor\" data-id=\"c3be329\" data-element_type=\"widget\" data-e-type=\"widget\" data-widget_type=\"text-editor.default\">\n\t\t\t\t<div class=\"elementor-widget-container\">\n\t\t\t\t\t\t\t\t\t<p><span style=\"color: #000000;\">Conjuguer mon exp\u00e9rience de la pr\u00e9paration mentale des sportifs de haut-niveau au besoin des entreprises de disposer de nouvelles formes de \u201c Manage-bien!\u201d et permettre ainsi de r\u00e9ussir de fa\u00e7on optimale toute transition entrepreunariale.<\/span><\/p>\t\t\t\t\t\t\t\t<\/div>\n\t\t\t\t<\/div>\n\t\t\t\t<div class=\"elementor-element elementor-element-2a24004 exad-sticky-section-no exad-glass-effect-no elementor-widget elementor-widget-heading\" data-id=\"2a24004\" data-element_type=\"widget\" data-e-type=\"widget\" data-widget_type=\"heading.default\">\n\t\t\t\t<div class=\"elementor-widget-container\">\n\t\t\t\t\t<h2 class=\"elementor-heading-title elementor-size-small\">Mon objectif<\/h2>\t\t\t\t<\/div>\n\t\t\t\t<\/div>\n\t\t\t\t<div class=\"elementor-element elementor-element-b84c3a2 exad-sticky-section-no exad-glass-effect-no elementor-widget elementor-widget-text-editor\" data-id=\"b84c3a2\" data-element_type=\"widget\" data-e-type=\"widget\" data-widget_type=\"text-editor.default\">\n\t\t\t\t<div class=\"elementor-widget-container\">\n\t\t\t\t\t\t\t\t\t<p><span style=\"color: #000000;\">Optimiser le potentiel mental gagnant de chaque intervenant de l\u2019entreprise en vue de l\u2018atteinte des objectifs tant individuels que globaux et communs \u00e0 l\u2019ensemble des membres de l\u2019entreprise, propice \u00e0 un rendement d\u2019entreprise optimal. Cela, en travaillant notamment sur la facilitation et l\u2019acc\u00e9l\u00e9ration de l\u2019association du bien-\u00eatre et de la performance indviduelle au service du projet collectif de la dite entreprise.<\/span><\/p>\t\t\t\t\t\t\t\t<\/div>\n\t\t\t\t<\/div>\n\t\t\t\t<div class=\"elementor-element elementor-element-9297098 exad-sticky-section-no exad-glass-effect-no elementor-widget elementor-widget-heading\" data-id=\"9297098\" data-element_type=\"widget\" data-e-type=\"widget\" data-widget_type=\"heading.default\">\n\t\t\t\t<div class=\"elementor-widget-container\">\n\t\t\t\t\t<h2 class=\"elementor-heading-title elementor-size-small\">Avec POUR*<\/h2>\t\t\t\t<\/div>\n\t\t\t\t<\/div>\n\t\t\t\t<div class=\"elementor-element elementor-element-9f677f0 exad-sticky-section-no exad-glass-effect-no elementor-widget elementor-widget-text-editor\" data-id=\"9f677f0\" data-element_type=\"widget\" data-e-type=\"widget\" data-widget_type=\"text-editor.default\">\n\t\t\t\t<div class=\"elementor-widget-container\">\n\t\t\t\t\t\t\t\t\t<p><span style=\"color: #000000;\">But de passer des mod\u00e8les manag\u00e9riaux bas\u00e9s sur le stress \u00e0 ceux co-construits par la Confiance, la Joie et l\u2019Optimisme (mod\u00e8le \u201cCJO\u201d) en travaillant notamment sur le d\u00e9veloppement de la motivation, la prise de conscience et l\u2019optimisation des capacit\u00e9s, le renforcement de la coh\u00e9sion de groupe, l\u2019am\u00e9lioration de la communication et le d\u00e9veloppement du leadership.<\/span><\/p>\t\t\t\t\t\t\t\t<\/div>\n\t\t\t\t<\/div>\n\t\t\t\t<div class=\"elementor-element elementor-element-23d749d exad-sticky-section-no exad-glass-effect-no elementor-widget elementor-widget-heading\" data-id=\"23d749d\" data-element_type=\"widget\" data-e-type=\"widget\" data-widget_type=\"heading.default\">\n\t\t\t\t<div class=\"elementor-widget-container\">\n\t\t\t\t\t<h2 class=\"elementor-heading-title elementor-size-small\">Selon le principe<\/h2>\t\t\t\t<\/div>\n\t\t\t\t<\/div>\n\t\t\t\t<div class=\"elementor-element elementor-element-2455880 exad-sticky-section-no exad-glass-effect-no elementor-widget elementor-widget-text-editor\" data-id=\"2455880\" data-element_type=\"widget\" data-e-type=\"widget\" data-widget_type=\"text-editor.default\">\n\t\t\t\t<div class=\"elementor-widget-container\">\n\t\t\t\t\t\t\t\t\t<p><span style=\"color: #000000;\">De \u201ctransfert\u201d des strat\u00e9gies, des techniques et m\u00e9thodes utilis\u00e9es dans le sport de haut-niveau pour optimaliser le potentiel psychologique de l\u2019athl\u00e8te en vue de la r\u00e9alisation d\u2019une performance sportive, au domaine de l\u2019entreprise P.O.U.R.* associer dans la Joie, Bien-\u00eatre et Performance de haut-niveau \u00e0 l\u2019\u00e9chelle de chaque intervenant de l\u2019entreprise.<\/span><\/p>\t\t\t\t\t\t\t\t<\/div>\n\t\t\t\t<\/div>\n\t\t\t\t<div class=\"elementor-element elementor-element-9e86c29 elementor-widget-tablet__width-initial exad-sticky-section-no exad-glass-effect-no elementor-widget elementor-widget-text-editor\" data-id=\"9e86c29\" data-element_type=\"widget\" data-e-type=\"widget\" data-widget_type=\"text-editor.default\">\n\t\t\t\t<div class=\"elementor-widget-container\">\n\t\t\t\t\t\t\t\t\t<p><span style=\"color: #000000;\">Concr\u00e8tement, en s\u2019entrainant et par la mise en place de techniques, m\u00e9thodes et outils P.O.U.R.* Ma proposition s\u2019articule autour d\u2019\u00e9l\u00e9ments probants initi\u00e9s lors d\u2019une premi\u00e8re approche de la pr\u00e9paration mentale en entreprise par la proposition d\u2019entretiens individuels de coaching Mental Gagnant selon la formule suivante:<\/span><br \/><span style=\"color: #000000;\">2 x 1 heure d\u2019entretien par personne, espac\u00e9es de 15 jours minimum<\/span><\/p><ul><li><span style=\"color: #000000;\"><strong>Entretien 1<\/strong> : d\u00e9couverte de la COh\u00e9rence CArdiaque (COCA) et \u00e9vocation d\u2019une situation pro\/perso sur laquelle la personne souhaite avancer \u00e0 l\u2019aide de techniques de pr\u00e9paration mentale.<\/span><\/li><li><span style=\"color: #000000;\"><strong>Entretien 2 :<\/strong> \u00e9valuation de l\u2019\u00e9volution apr\u00e8s entrainement \u00e0 la COCA et approfondissement du travail de situation pro\/perso.<\/span><br \/><span style=\"color: #000000;\">Ce pack comprend deux rendez-vous de coordination ; en d\u00e9but et en fin de mission.<\/span><br \/><span style=\"color: #000000;\">Il s\u2019organise g\u00e9n\u00e9ralement \u00e0 raison de 6 personnes\/jour (9h-12h \/ 14h-17h) .<\/span><\/li><\/ul>\t\t\t\t\t\t\t\t<\/div>\n\t\t\t\t<\/div>\n\t\t\t\t<\/div>\n\t\t<div class=\"elementor-element elementor-element-385617c e-con-full e-flex e-con e-child\" data-id=\"385617c\" data-element_type=\"container\" data-e-type=\"container\" data-settings=\"{&quot;jet_sticky_section_sticky&quot;:&quot;yes&quot;,&quot;jet_sticky_section_sticky_visibility&quot;:[&quot;desktop&quot;,&quot;tablet&quot;,&quot;mobile&quot;]}\">\n\t\t\t\t<div class=\"elementor-element elementor-element-c8e0a44 elementor-widget__width-inherit exad-sticky-section-no exad-glass-effect-no elementor-widget elementor-widget-text-editor\" data-id=\"c8e0a44\" data-element_type=\"widget\" data-e-type=\"widget\" data-widget_type=\"text-editor.default\">\n\t\t\t\t<div class=\"elementor-widget-container\">\n\t\t\t\t\t\t\t\t\t<p style=\"text-align: left;\"><span style=\"color: #000000;\"><strong>Ma propostion :\u00a0<\/strong><\/span><\/p><ul><li style=\"text-align: left;\"><a href=\"https:\/\/www.mentalgagnant.fr\/index.php\/elementor-644\/\"><span style=\"color: #000000;\"><strong>Avec le sportif<\/strong><\/span><\/a><\/li><li style=\"text-align: left;\"><span style=\"color: #000000;\"><strong>En entreprise\u00a0<\/strong><\/span><\/li><li><a href=\"https:\/\/www.mentalgagnant.fr\/index.php\/ma-proposition-en-conference\/\"><span style=\"color: #000000;\"><strong>En conf\u00e9rence<\/strong><\/span><\/a><\/li><li style=\"text-align: left;\"><a href=\"https:\/\/www.mentalgagnant.fr\/index.php\/mental-gagnant-societale\/\"><span style=\"color: #000000;\"><strong>Soci\u00e9tal<\/strong><\/span><\/a><\/li><\/ul>\t\t\t\t\t\t\t\t<\/div>\n\t\t\t\t<\/div>\n\t\t\t\t<\/div>\n\t\t\t\t<\/div>\n\t\t\t\t<\/div>\n\t\t","protected":false},"excerpt":{"rendered":"<p>Ma proposition mentale en entreprise Ma proposition Conjuguer mon exp\u00e9rience de la pr\u00e9paration mentale des sportifs de haut-niveau au besoin des entreprises de disposer de nouvelles formes de \u201c Manage-bien!\u201d et permettre ainsi de r\u00e9ussir de fa\u00e7on optimale toute transition entrepreunariale. Mon objectif Optimiser le potentiel mental gagnant de chaque intervenant de l\u2019entreprise en vue de l\u2018atteinte des objectifs tant individuels que globaux et communs \u00e0 l\u2019ensemble des membres de l\u2019entreprise, propice \u00e0 un rendement d\u2019entreprise optimal. Cela, en travaillant notamment sur la facilitation et l\u2019acc\u00e9l\u00e9ration de l\u2019association du bien-\u00eatre et de la performance indviduelle au service du projet collectif de la dite entreprise. Avec POUR* But de passer des mod\u00e8les manag\u00e9riaux bas\u00e9s sur le stress \u00e0 ceux co-construits par la Confiance, la Joie et l\u2019Optimisme (mod\u00e8le \u201cCJO\u201d) en travaillant notamment sur le d\u00e9veloppement de la motivation, la prise de conscience et l\u2019optimisation des capacit\u00e9s, le renforcement de la coh\u00e9sion&hellip;<\/p>\n<p> <a class=\"more-link\" href=\"https:\/\/www.mentalgagnant.fr\/index.php\/la-preparation-mental-en-entreprise\/\">Lire la suite<\/a><\/p>\n","protected":false},"author":2,"featured_media":0,"parent":0,"menu_order":0,"comment_status":"closed","ping_status":"closed","template":"elementor_header_footer","meta":{"_crdt_document":"","_uag_custom_page_level_css":"","footnotes":""},"class_list":["post-578","page","type-page","status-publish"],"uagb_featured_image_src":{"full":false,"thumbnail":false,"medium":false,"medium_large":false,"large":false,"1536x1536":false,"2048x2048":false,"a13_navigation_image_size":false},"uagb_author_info":{"display_name":"Anthony","author_link":"https:\/\/www.mentalgagnant.fr\/index.php\/author\/anthony\/"},"uagb_comment_info":0,"uagb_excerpt":"Ma proposition mentale en entreprise Ma proposition Conjuguer mon exp\u00e9rience de la pr\u00e9paration mentale des sportifs de haut-niveau au besoin des entreprises de disposer de nouvelles formes de \u201c Manage-bien!\u201d et permettre ainsi de r\u00e9ussir de fa\u00e7on optimale toute transition entrepreunariale. Mon objectif Optimiser le potentiel mental gagnant de chaque intervenant de l\u2019entreprise en vue\u2026","_links":{"self":[{"href":"https:\/\/www.mentalgagnant.fr\/index.php\/wp-json\/wp\/v2\/pages\/578","targetHints":{"allow":["GET"]}}],"collection":[{"href":"https:\/\/www.mentalgagnant.fr\/index.php\/wp-json\/wp\/v2\/pages"}],"about":[{"href":"https:\/\/www.mentalgagnant.fr\/index.php\/wp-json\/wp\/v2\/types\/page"}],"author":[{"embeddable":true,"href":"https:\/\/www.mentalgagnant.fr\/index.php\/wp-json\/wp\/v2\/users\/2"}],"replies":[{"embeddable":true,"href":"https:\/\/www.mentalgagnant.fr\/index.php\/wp-json\/wp\/v2\/comments?post=578"}],"version-history":[{"count":5,"href":"https:\/\/www.mentalgagnant.fr\/index.php\/wp-json\/wp\/v2\/pages\/578\/revisions"}],"predecessor-version":[{"id":1094,"href":"https:\/\/www.mentalgagnant.fr\/index.php\/wp-json\/wp\/v2\/pages\/578\/revisions\/1094"}],"wp:attachment":[{"href":"https:\/\/www.mentalgagnant.fr\/index.php\/wp-json\/wp\/v2\/media?parent=578"}],"curies":[{"name":"wp","href":"https:\/\/api.w.org\/{rel}","templated":true}]}}