{"id":21,"date":"2023-09-12T11:55:47","date_gmt":"2023-09-12T11:55:47","guid":{"rendered":"https:\/\/www.mentalgagnant.fr\/?page_id=21"},"modified":"2024-01-25T17:35:32","modified_gmt":"2024-01-25T17:35:32","slug":"contact","status":"publish","type":"page","link":"https:\/\/www.mentalgagnant.fr\/index.php\/contact\/","title":{"rendered":"Histoire"},"content":{"rendered":"\t\t<div data-elementor-type=\"wp-page\" data-elementor-id=\"21\" class=\"elementor elementor-21\">\n\t\t\t\t<div class=\"elementor-element elementor-element-6f24f59 e-con-full e-flex e-con e-parent\" data-id=\"6f24f59\" data-element_type=\"container\" data-e-type=\"container\">\n\t\t<div class=\"elementor-element elementor-element-ffdc57b e-con-full e-flex e-con e-child\" data-id=\"ffdc57b\" data-element_type=\"container\" data-e-type=\"container\">\n\t\t\t\t<div class=\"elementor-element elementor-element-0c1806e elementor-widget__width-initial exad-sticky-section-no exad-glass-effect-no elementor-widget elementor-widget-text-editor\" data-id=\"0c1806e\" data-element_type=\"widget\" data-e-type=\"widget\" data-widget_type=\"text-editor.default\">\n\t\t\t\t<div class=\"elementor-widget-container\">\n\t\t\t\t\t\t\t\t\t<p><span style=\"color: #000000;\">Anthony PERRIN, passionn\u00e9 de sport depuis l\u2019enfance, consultant et coach en pr\u00e9paration mentale de sportifs de haut-niveau depuis plus de 20 ans mais aussi, depuis 2012, de salari\u00e9s, de cadres, de chefs d\u2019entreprise, d\u2019ind\u00e9pendants et d\u2019\u00e9tudiants, vous propose au sein de sa structure Mental Gagnant, un coaching mental dans l\u2019accompagnement au d\u00e9veloppement de l\u2019attitude P.O.U.R.* associer dans la Joie, Bien-\u00eatre et Performance de haut-niveau dans les domaines qui vous concernent, que ceux-ci soient personnels, professionnels ou sportifs.<\/span><\/p><p><span style=\"color: #000000;\"><strong>\u00ab Un accident lors d\u2019un match de handball me fait \u00ab tomber en amour \u00bb avec la psychologie du sport et l\u2019optimisation de la performance des Hommes et des \u00e9quipes.<\/strong><\/span><\/p>\t\t\t\t\t\t\t\t<\/div>\n\t\t\t\t<\/div>\n\t\t\t\t<\/div>\n\t\t<div class=\"elementor-element elementor-element-4f1f5a8 e-con-full e-flex e-con e-child\" data-id=\"4f1f5a8\" data-element_type=\"container\" data-e-type=\"container\">\n\t\t\t\t<div class=\"elementor-element elementor-element-c29e38b exad-sticky-section-no exad-glass-effect-no elementor-widget elementor-widget-image\" data-id=\"c29e38b\" data-element_type=\"widget\" data-e-type=\"widget\" data-widget_type=\"image.default\">\n\t\t\t\t<div class=\"elementor-widget-container\">\n\t\t\t\t\t\t\t\t\t\t\t\t\t\t\t<img fetchpriority=\"high\" decoding=\"async\" width=\"300\" height=\"300\" src=\"https:\/\/www.mentalgagnant.fr\/wp-content\/uploads\/2023\/09\/1200x680_anthonnyperrinok-300x300.jpg\" class=\"attachment-medium size-medium wp-image-137\" alt=\"\" srcset=\"https:\/\/www.mentalgagnant.fr\/wp-content\/uploads\/2023\/09\/1200x680_anthonnyperrinok-300x300.jpg 300w, https:\/\/www.mentalgagnant.fr\/wp-content\/uploads\/2023\/09\/1200x680_anthonnyperrinok-1024x1024.jpg 1024w, https:\/\/www.mentalgagnant.fr\/wp-content\/uploads\/2023\/09\/1200x680_anthonnyperrinok-150x150.jpg 150w\" sizes=\"(max-width: 300px) 100vw, 300px\" \/>\t\t\t\t\t\t\t\t\t\t\t\t\t\t\t<\/div>\n\t\t\t\t<\/div>\n\t\t\t\t<\/div>\n\t\t\t\t<\/div>\n\t\t<div class=\"elementor-element elementor-element-d93b1b9 e-con-full e-flex e-con e-parent\" data-id=\"d93b1b9\" data-element_type=\"container\" data-e-type=\"container\">\n\t\t\t\t<div class=\"elementor-element elementor-element-8d53ddb elementor-widget__width-initial exad-sticky-section-no exad-glass-effect-no elementor-widget elementor-widget-text-editor\" data-id=\"8d53ddb\" data-element_type=\"widget\" data-e-type=\"widget\" data-widget_type=\"text-editor.default\">\n\t\t\t\t<div class=\"elementor-widget-container\">\n\t\t\t\t\t\t\t\t\t<p><span style=\"color: #000000;\">Apr\u00e8s avoir accompagn\u00e9 des centaines de sportifs et d\u2019entraineurs de haut-niveau de tous \u00e2ges et de toutes disciplines sportives, je participe, entre autres, aux J.O. 2008 en accompagnant les \u00e9quipes de France de VTT et BMX avec lesquelles nous obtenons deux doubl\u00e9s or et argent olympiques chez les filles au BMX et les gar\u00e7ons au VTT.<\/span><\/p><p><span style=\"color: #000000;\">En 2012, je choisis de r\u00e9duire mes interventions dans le sport et de m\u2019ouvrir au monde de l\u2019entreprise, avec le d\u00e9sir de permettre \u00e0 chacun de b\u00e9n\u00e9ficier, tant dans son quotidien professionnel que personnel, des apports de la pr\u00e9paration mentale des champions et des techniques utilis\u00e9es dans le sport de haut-niveau.<\/span><\/p>\t\t\t\t\t\t\t\t<\/div>\n\t\t\t\t<\/div>\n\t\t\t\t<div class=\"elementor-element elementor-element-31e509c exad-sticky-section-no exad-glass-effect-no elementor-widget elementor-widget-text-editor\" data-id=\"31e509c\" data-element_type=\"widget\" data-e-type=\"widget\" data-widget_type=\"text-editor.default\">\n\t\t\t\t<div class=\"elementor-widget-container\">\n\t\t\t\t\t\t\t\t\t<p><strong><span style=\"color: #000000;\">MON ESSENTIEL<\/span><\/strong><\/p>\t\t\t\t\t\t\t\t<\/div>\n\t\t\t\t<\/div>\n\t\t\t\t<div class=\"elementor-element elementor-element-f5b0c25 elementor-widget__width-initial exad-sticky-section-no exad-glass-effect-no elementor-widget elementor-widget-text-editor\" data-id=\"f5b0c25\" data-element_type=\"widget\" data-e-type=\"widget\" data-widget_type=\"text-editor.default\">\n\t\t\t\t<div class=\"elementor-widget-container\">\n\t\t\t\t\t\t\t\t\t<p><span style=\"color: #000000;\">Tout ce que je d\u00e9veloppe en pr\u00e9paration mentale dans le domaine du Sport est ais\u00e9ment transf\u00e9rable dans votre quotidien, votre activit\u00e9 professionnelle ou en entreprise.<\/span><\/p>\t\t\t\t\t\t\t\t<\/div>\n\t\t\t\t<\/div>\n\t\t\t\t<div class=\"elementor-element elementor-element-cd5d0f6 exad-sticky-section-no exad-glass-effect-no elementor-widget elementor-widget-text-editor\" data-id=\"cd5d0f6\" data-element_type=\"widget\" data-e-type=\"widget\" data-widget_type=\"text-editor.default\">\n\t\t\t\t<div class=\"elementor-widget-container\">\n\t\t\t\t\t\t\t\t\t<p><strong><span style=\"color: #000000;\">MON MOTEUR<\/span><\/strong><\/p>\t\t\t\t\t\t\t\t<\/div>\n\t\t\t\t<\/div>\n\t\t\t\t<div class=\"elementor-element elementor-element-0adcce0 elementor-widget__width-initial exad-sticky-section-no exad-glass-effect-no elementor-widget elementor-widget-text-editor\" data-id=\"0adcce0\" data-element_type=\"widget\" data-e-type=\"widget\" data-widget_type=\"text-editor.default\">\n\t\t\t\t<div class=\"elementor-widget-container\">\n\t\t\t\t\t\t\t\t\t<p><span style=\"color: #000000;\">La certitude que la pr\u00e9paration mentale est un outil accessible \u00e0 tous et \u00e0 chaque situation pour faire \u00e9merger en confiance, la capacit\u00e9 et le potentiel de chacun \u00e0 d\u00e9ployer le meilleur en vue d\u2019une performance.<\/span><\/p>\t\t\t\t\t\t\t\t<\/div>\n\t\t\t\t<\/div>\n\t\t\t\t<div class=\"elementor-element elementor-element-52f81c0 exad-sticky-section-no exad-glass-effect-no elementor-widget elementor-widget-text-editor\" data-id=\"52f81c0\" data-element_type=\"widget\" data-e-type=\"widget\" data-widget_type=\"text-editor.default\">\n\t\t\t\t<div class=\"elementor-widget-container\">\n\t\t\t\t\t\t\t\t\t<p><strong><span style=\"color: #000000;\">MON OBJECTIF<\/span><\/strong><\/p>\t\t\t\t\t\t\t\t<\/div>\n\t\t\t\t<\/div>\n\t\t\t\t<div class=\"elementor-element elementor-element-0735d98 exad-sticky-section-no exad-glass-effect-no elementor-widget elementor-widget-text-editor\" data-id=\"0735d98\" data-element_type=\"widget\" data-e-type=\"widget\" data-widget_type=\"text-editor.default\">\n\t\t\t\t<div class=\"elementor-widget-container\">\n\t\t\t\t\t\t\t\t\t<p><span style=\"color: #000000;\">Associer dans la Joie, Bien-\u00eatre et performance dans chacun des domaines de la vie.<\/span><\/p>\t\t\t\t\t\t\t\t<\/div>\n\t\t\t\t<\/div>\n\t\t\t\t<div class=\"elementor-element elementor-element-a373357 exad-sticky-section-no exad-glass-effect-no elementor-widget elementor-widget-text-editor\" data-id=\"a373357\" data-element_type=\"widget\" data-e-type=\"widget\" data-widget_type=\"text-editor.default\">\n\t\t\t\t<div class=\"elementor-widget-container\">\n\t\t\t\t\t\t\t\t\t<p><strong><span style=\"color: #000000;\">MA METHODE<\/span><\/strong><\/p>\t\t\t\t\t\t\t\t<\/div>\n\t\t\t\t<\/div>\n\t\t\t\t<div class=\"elementor-element elementor-element-aa66462 elementor-widget__width-initial exad-sticky-section-no exad-glass-effect-no elementor-widget elementor-widget-text-editor\" data-id=\"aa66462\" data-element_type=\"widget\" data-e-type=\"widget\" data-widget_type=\"text-editor.default\">\n\t\t\t\t<div class=\"elementor-widget-container\">\n\t\t\t\t\t\t\t\t\t<p><span style=\"color: #000000;\">Se veut simple\u2026, et par l\u2019entrainement, consiste \u00e0 mettre en place des outils et des techniques qui permettent d\u2019allier performance de haut-niveau et bien-\u00eatre P.O.U.R.* se sentir \u00abWhaoo !\u00bb:<\/span><\/p>\n<ul>\n<li><span style=\"color: #000000;\">plus performant d\u2019une mani\u00e8re g\u00e9n\u00e9rale ;<\/span><br \/><span style=\"color: #000000;\">plus productif ;<\/span><\/li>\n<li><span style=\"color: #000000;\">am\u00e9liorer sa concentration ;<\/span><\/li>\n<li><span style=\"color: #000000;\">r\u00e9ussir ses rendez-vous professionnels ;<\/span><\/li>\n<li><span style=\"color: #000000;\">g\u00e9rer le stress en apprenant \u00e0 r\u00e9ellement maitriser ses \u00e9motions ;<\/span><\/li>\n<li><span style=\"color: #000000;\">pr\u00e9venir les risques de burn-out ou en r\u00e9g\u00e9n\u00e9rer pour \u00e9viter les r\u00e9cidives ;<\/span><\/li>\n<li><span style=\"color: #000000;\">transformer l\u2019energy-VORE en energy-FORT ;<\/span><\/li>\n<li><span style=\"color: #000000;\">r\u00e9v\u00e9ler ses talents cach\u00e9s\u2026 et les exploiter ;<\/span><\/li>\n<li><span style=\"color: #000000;\">entretenir un dialogue positif avec Soi.<\/span><\/li>\n<\/ul>\t\t\t\t\t\t\t\t<\/div>\n\t\t\t\t<\/div>\n\t\t\t\t<\/div>\n\t\t<div class=\"elementor-element elementor-element-e055fcf e-flex e-con-boxed e-con e-parent\" data-id=\"e055fcf\" data-element_type=\"container\" data-e-type=\"container\">\n\t\t\t\t\t<div class=\"e-con-inner\">\n\t\t\t\t<div class=\"elementor-element elementor-element-fd03d01 elementor-widget__width-initial elementor-widget-mobile__width-inherit exad-sticky-section-no exad-glass-effect-no elementor-widget elementor-widget-video\" data-id=\"fd03d01\" data-element_type=\"widget\" data-e-type=\"widget\" data-settings=\"{&quot;youtube_url&quot;:&quot;https:\\\/\\\/www.youtube.com\\\/watch?v=v7bMytx4cFc&quot;,&quot;video_type&quot;:&quot;youtube&quot;,&quot;controls&quot;:&quot;yes&quot;}\" data-widget_type=\"video.default\">\n\t\t\t\t<div class=\"elementor-widget-container\">\n\t\t\t\t\t\t\t<div class=\"elementor-wrapper elementor-open-inline\">\n\t\t\t<div class=\"elementor-video\"><\/div>\t\t<\/div>\n\t\t\t\t\t\t<\/div>\n\t\t\t\t<\/div>\n\t\t\t\t\t<\/div>\n\t\t\t\t<\/div>\n\t\t\t\t<\/div>\n\t\t","protected":false},"excerpt":{"rendered":"<p>Anthony PERRIN, passionn\u00e9 de sport depuis l\u2019enfance, consultant et coach en pr\u00e9paration mentale de sportifs de haut-niveau depuis plus de 20 ans mais aussi, depuis 2012, de salari\u00e9s, de cadres, de chefs d\u2019entreprise, d\u2019ind\u00e9pendants et d\u2019\u00e9tudiants, vous propose au sein de sa structure Mental Gagnant, un coaching mental dans l\u2019accompagnement au d\u00e9veloppement de l\u2019attitude P.O.U.R.* associer dans la Joie, Bien-\u00eatre et Performance de haut-niveau dans les domaines qui vous concernent, que ceux-ci soient personnels, professionnels ou sportifs. \u00ab Un accident lors d\u2019un match de handball me fait \u00ab tomber en amour \u00bb avec la psychologie du sport et l\u2019optimisation de la performance des Hommes et des \u00e9quipes. Apr\u00e8s avoir accompagn\u00e9 des centaines de sportifs et d\u2019entraineurs de haut-niveau de tous \u00e2ges et de toutes disciplines sportives, je participe, entre autres, aux J.O. 2008 en accompagnant les \u00e9quipes de France de VTT et BMX avec lesquelles nous obtenons deux doubl\u00e9s or&hellip;<\/p>\n<p> <a class=\"more-link\" href=\"https:\/\/www.mentalgagnant.fr\/index.php\/contact\/\">Lire la suite<\/a><\/p>\n","protected":false},"author":2,"featured_media":0,"parent":0,"menu_order":0,"comment_status":"closed","ping_status":"closed","template":"elementor_header_footer","meta":{"_crdt_document":"","_uag_custom_page_level_css":"","footnotes":""},"class_list":["post-21","page","type-page","status-publish"],"uagb_featured_image_src":{"full":false,"thumbnail":false,"medium":false,"medium_large":false,"large":false,"1536x1536":false,"2048x2048":false,"a13_navigation_image_size":false},"uagb_author_info":{"display_name":"Anthony","author_link":"https:\/\/www.mentalgagnant.fr\/index.php\/author\/anthony\/"},"uagb_comment_info":0,"uagb_excerpt":"Anthony PERRIN, passionn\u00e9 de sport depuis l\u2019enfance, consultant et coach en pr\u00e9paration mentale de sportifs de haut-niveau depuis plus de 20 ans mais aussi, depuis 2012, de salari\u00e9s, de cadres, de chefs d\u2019entreprise, d\u2019ind\u00e9pendants et d\u2019\u00e9tudiants, vous propose au sein de sa structure Mental Gagnant, un coaching mental dans l\u2019accompagnement au d\u00e9veloppement de l\u2019attitude P.O.U.R.*\u2026","_links":{"self":[{"href":"https:\/\/www.mentalgagnant.fr\/index.php\/wp-json\/wp\/v2\/pages\/21","targetHints":{"allow":["GET"]}}],"collection":[{"href":"https:\/\/www.mentalgagnant.fr\/index.php\/wp-json\/wp\/v2\/pages"}],"about":[{"href":"https:\/\/www.mentalgagnant.fr\/index.php\/wp-json\/wp\/v2\/types\/page"}],"author":[{"embeddable":true,"href":"https:\/\/www.mentalgagnant.fr\/index.php\/wp-json\/wp\/v2\/users\/2"}],"replies":[{"embeddable":true,"href":"https:\/\/www.mentalgagnant.fr\/index.php\/wp-json\/wp\/v2\/comments?post=21"}],"version-history":[{"count":5,"href":"https:\/\/www.mentalgagnant.fr\/index.php\/wp-json\/wp\/v2\/pages\/21\/revisions"}],"predecessor-version":[{"id":1088,"href":"https:\/\/www.mentalgagnant.fr\/index.php\/wp-json\/wp\/v2\/pages\/21\/revisions\/1088"}],"wp:attachment":[{"href":"https:\/\/www.mentalgagnant.fr\/index.php\/wp-json\/wp\/v2\/media?parent=21"}],"curies":[{"name":"wp","href":"https:\/\/api.w.org\/{rel}","templated":true}]}}